{"id":10951,"date":"2024-03-19T09:54:48","date_gmt":"2024-03-19T08:54:48","guid":{"rendered":"https:\/\/www.jlg.nicolas-briche.fr\/?post_type=product&#038;p=10951"},"modified":"2026-01-29T11:12:40","modified_gmt":"2026-01-29T10:12:40","slug":"table-s2-reglable","status":"publish","type":"product","link":"https:\/\/jlgequipements.fr\/index.php\/produit\/table-s2-reglable\/","title":{"rendered":"TABLE S2 R\u00c9GLABLE"},"content":{"rendered":"<ul>\n<li>\n<p class=\"p1\"><b><span class=\"Apple-converted-space\">\u00a0 <\/span>Description :<\/b><\/p>\n<p class=\"p1\">&#8211; Plateau m\u00e9lamin\u00e9<\/p>\n<p class=\"p1\">&#8211; D\u00e9gagement lat\u00e9ral<\/p>\n<p class=\"p1\">&#8211; Livr\u00e9 d\u00e9mont\u00e9<\/p>\n<p class=\"p1\">&#8211; Table scolaire r\u00e9glable \u00e0 d\u00e9gagement lat\u00e9ral.<\/p>\n<p class=\"p1\"><span class=\"Apple-converted-space\">\u00a0\u00a0 <\/span>Les pi\u00e8tements sont \u00e9quip\u00e9s d\u2019embouts sabots \u00e0 l\u2019arri\u00e8re, et<span class=\"Apple-converted-space\">\u00a0 \u00a0 \u00a0 <\/span>d\u2019embouts \u00e0 v\u00e9rin \u00e0 l\u2019avant, en polypropyl\u00e8ne noir non tachant.<\/p>\n<p class=\"p1\">&#8211; Possible en version stratifi\u00e9e<\/p>\n<p class=\"p1\">&#8211; R\u00e9glable de la taille 3 \u00e0 6<\/p>\n<\/li>\n<li>\n<p class=\"p1\"><span class=\"s1\">&#8211; <b>1 place :<\/b><\/span> 700 x 500 mm<\/p>\n<p class=\"p1\"><span class=\"s1\">&#8211; <b>2 places :<\/b><\/span> 1300 x 500 mm<\/p>\n<\/li>\n<li>Option :<\/li>\n<li>Casier classique<\/li>\n<li>Grand casier<\/li>\n<\/ul>\n","protected":false},"excerpt":{"rendered":"<p>\u00a0 Description : &#8211; Plateau m\u00e9lamin\u00e9 &#8211; D\u00e9gagement lat\u00e9ral &#8211; Livr\u00e9 d\u00e9mont\u00e9 &#8211; Table scolaire r\u00e9glable \u00e0 d\u00e9gagement lat\u00e9ral. \u00a0\u00a0 Les pi\u00e8tements sont \u00e9quip\u00e9s d\u2019embouts sabots \u00e0 l\u2019arri\u00e8re, et\u00a0 \u00a0 \u00a0 d\u2019embouts \u00e0 v\u00e9rin \u00e0 l\u2019avant, en polypropyl\u00e8ne noir non tachant. &#8211; Possible en version stratifi\u00e9e &#8211; R\u00e9glable de la taille 3 \u00e0 6 &#8211; 1 place : 700 x 500 mm &#8211; 2 places : 1300 x 500 mm Option : Casier classique Grand casier<\/p>\n","protected":false},"featured_media":14571,"comment_status":"open","ping_status":"closed","template":"","meta":[],"product_brand":[],"product_cat":[240,242],"product_tag":[],"class_list":{"0":"post-10951","1":"product","2":"type-product","3":"status-publish","4":"has-post-thumbnail","6":"product_cat-mobilier-scolaire","7":"product_cat-tables","9":"first","10":"instock","11":"shipping-taxable","12":"product-type-simple"},"yoast_head":"<!-- This site is optimized with the Yoast SEO plugin v27.1.1 - https:\/\/yoast.com\/product\/yoast-seo-wordpress\/ -->\n<title>TABLE S2 R\u00c9GLABLE - JLG \u00c9quipements Collectivit\u00e9s<\/title>\n<meta name=\"robots\" content=\"index, follow, max-snippet:-1, max-image-preview:large, max-video-preview:-1\" \/>\n<link rel=\"canonical\" href=\"https:\/\/jlgequipements.fr\/index.php\/produit\/table-s2-reglable\/\" \/>\n<meta property=\"og:locale\" content=\"fr_FR\" \/>\n<meta property=\"og:type\" content=\"article\" \/>\n<meta property=\"og:title\" content=\"TABLE S2 R\u00c9GLABLE - JLG \u00c9quipements Collectivit\u00e9s\" \/>\n<meta property=\"og:description\" content=\"\u00a0 Description : &#8211; Plateau m\u00e9lamin\u00e9 &#8211; D\u00e9gagement lat\u00e9ral &#8211; Livr\u00e9 d\u00e9mont\u00e9 &#8211; Table scolaire r\u00e9glable \u00e0 d\u00e9gagement lat\u00e9ral. \u00a0\u00a0 Les pi\u00e8tements sont \u00e9quip\u00e9s d\u2019embouts sabots \u00e0 l\u2019arri\u00e8re, et\u00a0 \u00a0 \u00a0 d\u2019embouts \u00e0 v\u00e9rin \u00e0 l\u2019avant, en polypropyl\u00e8ne noir non tachant. &#8211; Possible en version stratifi\u00e9e &#8211; R\u00e9glable de la taille 3 \u00e0 6 &#8211; 1 place : 700 x 500 mm &#8211; 2 places : 1300 x 500 mm Option : Casier classique Grand casier\" \/>\n<meta property=\"og:url\" content=\"https:\/\/jlgequipements.fr\/index.php\/produit\/table-s2-reglable\/\" \/>\n<meta property=\"og:site_name\" content=\"JLG \u00c9quipements Collectivit\u00e9s\" \/>\n<meta property=\"article:modified_time\" content=\"2026-01-29T10:12:40+00:00\" \/>\n<meta property=\"og:image\" content=\"https:\/\/jlgequipements.fr\/wp-content\/uploads\/2024\/03\/TABLE-S2-REGLABLE-01.jpg\" \/>\n\t<meta property=\"og:image:width\" content=\"2083\" \/>\n\t<meta property=\"og:image:height\" content=\"2083\" \/>\n\t<meta property=\"og:image:type\" content=\"image\/jpeg\" \/>\n<meta name=\"twitter:card\" content=\"summary_large_image\" \/>\n<script type=\"application\/ld+json\" class=\"yoast-schema-graph\">{\"@context\":\"https:\/\/schema.org\",\"@graph\":[{\"@type\":\"WebPage\",\"@id\":\"https:\/\/jlgequipements.fr\/index.php\/produit\/table-s2-reglable\/\",\"url\":\"https:\/\/jlgequipements.fr\/index.php\/produit\/table-s2-reglable\/\",\"name\":\"TABLE S2 R\u00c9GLABLE - JLG \u00c9quipements Collectivit\u00e9s\",\"isPartOf\":{\"@id\":\"https:\/\/jlgequipements.fr\/#website\"},\"primaryImageOfPage\":{\"@id\":\"https:\/\/jlgequipements.fr\/index.php\/produit\/table-s2-reglable\/#primaryimage\"},\"image\":{\"@id\":\"https:\/\/jlgequipements.fr\/index.php\/produit\/table-s2-reglable\/#primaryimage\"},\"thumbnailUrl\":\"https:\/\/jlgequipements.fr\/wp-content\/uploads\/2024\/03\/TABLE-S2-REGLABLE-01.jpg\",\"datePublished\":\"2024-03-19T08:54:48+00:00\",\"dateModified\":\"2026-01-29T10:12:40+00:00\",\"breadcrumb\":{\"@id\":\"https:\/\/jlgequipements.fr\/index.php\/produit\/table-s2-reglable\/#breadcrumb\"},\"inLanguage\":\"fr-FR\",\"potentialAction\":[{\"@type\":\"ReadAction\",\"target\":[\"https:\/\/jlgequipements.fr\/index.php\/produit\/table-s2-reglable\/\"]}]},{\"@type\":\"ImageObject\",\"inLanguage\":\"fr-FR\",\"@id\":\"https:\/\/jlgequipements.fr\/index.php\/produit\/table-s2-reglable\/#primaryimage\",\"url\":\"https:\/\/jlgequipements.fr\/wp-content\/uploads\/2024\/03\/TABLE-S2-REGLABLE-01.jpg\",\"contentUrl\":\"https:\/\/jlgequipements.fr\/wp-content\/uploads\/2024\/03\/TABLE-S2-REGLABLE-01.jpg\",\"width\":2083,\"height\":2083},{\"@type\":\"BreadcrumbList\",\"@id\":\"https:\/\/jlgequipements.fr\/index.php\/produit\/table-s2-reglable\/#breadcrumb\",\"itemListElement\":[{\"@type\":\"ListItem\",\"position\":1,\"name\":\"Accueil\",\"item\":\"https:\/\/jlgequipements.fr\/\"},{\"@type\":\"ListItem\",\"position\":2,\"name\":\"Boutique\",\"item\":\"https:\/\/jlgequipements.fr\/index.php\/boutique\/\"},{\"@type\":\"ListItem\",\"position\":3,\"name\":\"TABLE S2 R\u00c9GLABLE\"}]},{\"@type\":\"WebSite\",\"@id\":\"https:\/\/jlgequipements.fr\/#website\",\"url\":\"https:\/\/jlgequipements.fr\/\",\"name\":\"JLG \u00c9quipements collectivit\u00e9\",\"description\":\"Le partenaire des communes\",\"publisher\":{\"@id\":\"https:\/\/jlgequipements.fr\/#organization\"},\"potentialAction\":[{\"@type\":\"SearchAction\",\"target\":{\"@type\":\"EntryPoint\",\"urlTemplate\":\"https:\/\/jlgequipements.fr\/?s={search_term_string}\"},\"query-input\":{\"@type\":\"PropertyValueSpecification\",\"valueRequired\":true,\"valueName\":\"search_term_string\"}}],\"inLanguage\":\"fr-FR\"},{\"@type\":\"Organization\",\"@id\":\"https:\/\/jlgequipements.fr\/#organization\",\"name\":\"JLG \u00c9quipements collectivit\u00e9\",\"url\":\"https:\/\/jlgequipements.fr\/\",\"logo\":{\"@type\":\"ImageObject\",\"inLanguage\":\"fr-FR\",\"@id\":\"https:\/\/jlgequipements.fr\/#\/schema\/logo\/image\/\",\"url\":\"https:\/\/jlgequipements.fr\/wp-content\/uploads\/2024\/01\/JLG_LOGO_VECTO.png\",\"contentUrl\":\"https:\/\/jlgequipements.fr\/wp-content\/uploads\/2024\/01\/JLG_LOGO_VECTO.png\",\"width\":3293,\"height\":3292,\"caption\":\"JLG \u00c9quipements collectivit\u00e9\"},\"image\":{\"@id\":\"https:\/\/jlgequipements.fr\/#\/schema\/logo\/image\/\"}}]}<\/script>\n<!-- \/ Yoast SEO plugin. -->","yoast_head_json":{"title":"TABLE S2 R\u00c9GLABLE - JLG \u00c9quipements Collectivit\u00e9s","robots":{"index":"index","follow":"follow","max-snippet":"max-snippet:-1","max-image-preview":"max-image-preview:large","max-video-preview":"max-video-preview:-1"},"canonical":"https:\/\/jlgequipements.fr\/index.php\/produit\/table-s2-reglable\/","og_locale":"fr_FR","og_type":"article","og_title":"TABLE S2 R\u00c9GLABLE - JLG \u00c9quipements Collectivit\u00e9s","og_description":"\u00a0 Description : &#8211; Plateau m\u00e9lamin\u00e9 &#8211; D\u00e9gagement lat\u00e9ral &#8211; Livr\u00e9 d\u00e9mont\u00e9 &#8211; Table scolaire r\u00e9glable \u00e0 d\u00e9gagement lat\u00e9ral. \u00a0\u00a0 Les pi\u00e8tements sont \u00e9quip\u00e9s d\u2019embouts sabots \u00e0 l\u2019arri\u00e8re, et\u00a0 \u00a0 \u00a0 d\u2019embouts \u00e0 v\u00e9rin \u00e0 l\u2019avant, en polypropyl\u00e8ne noir non tachant. &#8211; Possible en version stratifi\u00e9e &#8211; R\u00e9glable de la taille 3 \u00e0 6 &#8211; 1 place : 700 x 500 mm &#8211; 2 places : 1300 x 500 mm Option : Casier classique Grand casier","og_url":"https:\/\/jlgequipements.fr\/index.php\/produit\/table-s2-reglable\/","og_site_name":"JLG \u00c9quipements Collectivit\u00e9s","article_modified_time":"2026-01-29T10:12:40+00:00","og_image":[{"width":2083,"height":2083,"url":"https:\/\/jlgequipements.fr\/wp-content\/uploads\/2024\/03\/TABLE-S2-REGLABLE-01.jpg","type":"image\/jpeg"}],"twitter_card":"summary_large_image","schema":{"@context":"https:\/\/schema.org","@graph":[{"@type":"WebPage","@id":"https:\/\/jlgequipements.fr\/index.php\/produit\/table-s2-reglable\/","url":"https:\/\/jlgequipements.fr\/index.php\/produit\/table-s2-reglable\/","name":"TABLE S2 R\u00c9GLABLE - JLG \u00c9quipements Collectivit\u00e9s","isPartOf":{"@id":"https:\/\/jlgequipements.fr\/#website"},"primaryImageOfPage":{"@id":"https:\/\/jlgequipements.fr\/index.php\/produit\/table-s2-reglable\/#primaryimage"},"image":{"@id":"https:\/\/jlgequipements.fr\/index.php\/produit\/table-s2-reglable\/#primaryimage"},"thumbnailUrl":"https:\/\/jlgequipements.fr\/wp-content\/uploads\/2024\/03\/TABLE-S2-REGLABLE-01.jpg","datePublished":"2024-03-19T08:54:48+00:00","dateModified":"2026-01-29T10:12:40+00:00","breadcrumb":{"@id":"https:\/\/jlgequipements.fr\/index.php\/produit\/table-s2-reglable\/#breadcrumb"},"inLanguage":"fr-FR","potentialAction":[{"@type":"ReadAction","target":["https:\/\/jlgequipements.fr\/index.php\/produit\/table-s2-reglable\/"]}]},{"@type":"ImageObject","inLanguage":"fr-FR","@id":"https:\/\/jlgequipements.fr\/index.php\/produit\/table-s2-reglable\/#primaryimage","url":"https:\/\/jlgequipements.fr\/wp-content\/uploads\/2024\/03\/TABLE-S2-REGLABLE-01.jpg","contentUrl":"https:\/\/jlgequipements.fr\/wp-content\/uploads\/2024\/03\/TABLE-S2-REGLABLE-01.jpg","width":2083,"height":2083},{"@type":"BreadcrumbList","@id":"https:\/\/jlgequipements.fr\/index.php\/produit\/table-s2-reglable\/#breadcrumb","itemListElement":[{"@type":"ListItem","position":1,"name":"Accueil","item":"https:\/\/jlgequipements.fr\/"},{"@type":"ListItem","position":2,"name":"Boutique","item":"https:\/\/jlgequipements.fr\/index.php\/boutique\/"},{"@type":"ListItem","position":3,"name":"TABLE S2 R\u00c9GLABLE"}]},{"@type":"WebSite","@id":"https:\/\/jlgequipements.fr\/#website","url":"https:\/\/jlgequipements.fr\/","name":"JLG \u00c9quipements collectivit\u00e9","description":"Le partenaire des communes","publisher":{"@id":"https:\/\/jlgequipements.fr\/#organization"},"potentialAction":[{"@type":"SearchAction","target":{"@type":"EntryPoint","urlTemplate":"https:\/\/jlgequipements.fr\/?s={search_term_string}"},"query-input":{"@type":"PropertyValueSpecification","valueRequired":true,"valueName":"search_term_string"}}],"inLanguage":"fr-FR"},{"@type":"Organization","@id":"https:\/\/jlgequipements.fr\/#organization","name":"JLG \u00c9quipements collectivit\u00e9","url":"https:\/\/jlgequipements.fr\/","logo":{"@type":"ImageObject","inLanguage":"fr-FR","@id":"https:\/\/jlgequipements.fr\/#\/schema\/logo\/image\/","url":"https:\/\/jlgequipements.fr\/wp-content\/uploads\/2024\/01\/JLG_LOGO_VECTO.png","contentUrl":"https:\/\/jlgequipements.fr\/wp-content\/uploads\/2024\/01\/JLG_LOGO_VECTO.png","width":3293,"height":3292,"caption":"JLG \u00c9quipements collectivit\u00e9"},"image":{"@id":"https:\/\/jlgequipements.fr\/#\/schema\/logo\/image\/"}}]}},"_links":{"self":[{"href":"https:\/\/jlgequipements.fr\/index.php\/wp-json\/wp\/v2\/product\/10951","targetHints":{"allow":["GET"]}}],"collection":[{"href":"https:\/\/jlgequipements.fr\/index.php\/wp-json\/wp\/v2\/product"}],"about":[{"href":"https:\/\/jlgequipements.fr\/index.php\/wp-json\/wp\/v2\/types\/product"}],"replies":[{"embeddable":true,"href":"https:\/\/jlgequipements.fr\/index.php\/wp-json\/wp\/v2\/comments?post=10951"}],"version-history":[{"count":3,"href":"https:\/\/jlgequipements.fr\/index.php\/wp-json\/wp\/v2\/product\/10951\/revisions"}],"predecessor-version":[{"id":14573,"href":"https:\/\/jlgequipements.fr\/index.php\/wp-json\/wp\/v2\/product\/10951\/revisions\/14573"}],"wp:featuredmedia":[{"embeddable":true,"href":"https:\/\/jlgequipements.fr\/index.php\/wp-json\/wp\/v2\/media\/14571"}],"wp:attachment":[{"href":"https:\/\/jlgequipements.fr\/index.php\/wp-json\/wp\/v2\/media?parent=10951"}],"wp:term":[{"taxonomy":"product_brand","embeddable":true,"href":"https:\/\/jlgequipements.fr\/index.php\/wp-json\/wp\/v2\/product_brand?post=10951"},{"taxonomy":"product_cat","embeddable":true,"href":"https:\/\/jlgequipements.fr\/index.php\/wp-json\/wp\/v2\/product_cat?post=10951"},{"taxonomy":"product_tag","embeddable":true,"href":"https:\/\/jlgequipements.fr\/index.php\/wp-json\/wp\/v2\/product_tag?post=10951"}],"curies":[{"name":"wp","href":"https:\/\/api.w.org\/{rel}","templated":true}]}}