{"id":10676,"date":"2024-03-15T09:20:40","date_gmt":"2024-03-15T08:20:40","guid":{"rendered":"https:\/\/www.jlg.nicolas-briche.fr\/?post_type=product&#038;p=10676"},"modified":"2024-03-18T09:07:47","modified_gmt":"2024-03-18T08:07:47","slug":"armoire-pour-defibrillateur-exterieure","status":"publish","type":"product","link":"https:\/\/jlgequipements.fr\/index.php\/produit\/armoire-pour-defibrillateur-exterieure\/","title":{"rendered":"ARMOIRE POUR DEFIBRILLATEUR EXTERIEURE"},"content":{"rendered":"<p><strong>Ouverture magn\u00e9tique de la porte.<\/strong><br \/>\nArmoire murale ext\u00e9rieure ouverture libre avec scell\u00e9s.<br \/>\n\u00c9clairage par led avec d\u00e9tecteur de luminosit\u00e9.<br \/>\nSupport en ABS, Capot en polycarbonate (UL V0)<br \/>\nDimensions totales 388, P 201 mm.<br \/>\nPoids : 3,5 kg.<br \/>\nPoss\u00e8de de base : \u00e9clairage par LED avec capteur de luminosit\u00e9.<br \/>\nTendeur de fixation du d\u00e9fibrillateur.<br \/>\nFils de s\u00e9curit\u00e9 \u00e0 sertir sur clip de la porte du bo\u00eetier.<br \/>\nSignal\u00e9tique reprenant la chaine de survie,<br \/>\nle n\u00b0 d\u2019appel d\u2019urgence, Labels DEA\/AED.<br \/>\nAlimentation en 24 volts.<\/p>\n<p>R\u00e9f : JLGC124589A<\/p>\n","protected":false},"excerpt":{"rendered":"<p>Ouverture magn\u00e9tique de la porte. Armoire murale ext\u00e9rieure ouverture libre avec scell\u00e9s. \u00c9clairage par led avec d\u00e9tecteur de luminosit\u00e9. Support en ABS, Capot en polycarbonate (UL V0) Dimensions totales 388, P 201 mm. Poids : 3,5 kg. Poss\u00e8de de base : \u00e9clairage par LED avec capteur de luminosit\u00e9. Tendeur de fixation du d\u00e9fibrillateur. Fils de s\u00e9curit\u00e9 \u00e0 sertir sur clip de la porte du bo\u00eetier. Signal\u00e9tique reprenant la chaine de survie, le n\u00b0 d\u2019appel d\u2019urgence, Labels DEA\/AED. Alimentation en 24 volts. R\u00e9f : JLGC124589A<\/p>\n","protected":false},"featured_media":10677,"comment_status":"open","ping_status":"closed","template":"","meta":[],"product_brand":[],"product_cat":[286,234],"product_tag":[],"class_list":{"0":"post-10676","1":"product","2":"type-product","3":"status-publish","4":"has-post-thumbnail","6":"product_cat-defibrillateur","7":"product_cat-mobilier-salle-polyvalente","9":"first","10":"instock","11":"shipping-taxable","12":"product-type-simple"},"yoast_head":"<!-- This site is optimized with the Yoast SEO plugin v27.1.1 - https:\/\/yoast.com\/product\/yoast-seo-wordpress\/ -->\n<title>ARMOIRE POUR DEFIBRILLATEUR EXTERIEURE - JLG \u00c9quipements Collectivit\u00e9s<\/title>\n<meta name=\"robots\" content=\"index, follow, max-snippet:-1, max-image-preview:large, max-video-preview:-1\" \/>\n<link rel=\"canonical\" href=\"https:\/\/jlgequipements.fr\/index.php\/produit\/armoire-pour-defibrillateur-exterieure\/\" \/>\n<meta property=\"og:locale\" content=\"fr_FR\" \/>\n<meta property=\"og:type\" content=\"article\" \/>\n<meta property=\"og:title\" content=\"ARMOIRE POUR DEFIBRILLATEUR EXTERIEURE - JLG \u00c9quipements Collectivit\u00e9s\" \/>\n<meta property=\"og:description\" content=\"Ouverture magn\u00e9tique de la porte. Armoire murale ext\u00e9rieure ouverture libre avec scell\u00e9s. \u00c9clairage par led avec d\u00e9tecteur de luminosit\u00e9. Support en ABS, Capot en polycarbonate (UL V0) Dimensions totales 388, P 201 mm. Poids : 3,5 kg. Poss\u00e8de de base : \u00e9clairage par LED avec capteur de luminosit\u00e9. Tendeur de fixation du d\u00e9fibrillateur. Fils de s\u00e9curit\u00e9 \u00e0 sertir sur clip de la porte du bo\u00eetier. Signal\u00e9tique reprenant la chaine de survie, le n\u00b0 d\u2019appel d\u2019urgence, Labels DEA\/AED. Alimentation en 24 volts. R\u00e9f : JLGC124589A\" \/>\n<meta property=\"og:url\" content=\"https:\/\/jlgequipements.fr\/index.php\/produit\/armoire-pour-defibrillateur-exterieure\/\" \/>\n<meta property=\"og:site_name\" content=\"JLG \u00c9quipements Collectivit\u00e9s\" \/>\n<meta property=\"article:modified_time\" content=\"2024-03-18T08:07:47+00:00\" \/>\n<meta property=\"og:image\" content=\"https:\/\/jlgequipements.fr\/wp-content\/uploads\/2024\/03\/Untitled-63.jpg\" \/>\n\t<meta property=\"og:image:width\" content=\"500\" \/>\n\t<meta property=\"og:image:height\" content=\"500\" \/>\n\t<meta property=\"og:image:type\" content=\"image\/jpeg\" \/>\n<meta name=\"twitter:card\" content=\"summary_large_image\" \/>\n<script type=\"application\/ld+json\" class=\"yoast-schema-graph\">{\"@context\":\"https:\/\/schema.org\",\"@graph\":[{\"@type\":\"WebPage\",\"@id\":\"https:\/\/jlgequipements.fr\/index.php\/produit\/armoire-pour-defibrillateur-exterieure\/\",\"url\":\"https:\/\/jlgequipements.fr\/index.php\/produit\/armoire-pour-defibrillateur-exterieure\/\",\"name\":\"ARMOIRE POUR DEFIBRILLATEUR EXTERIEURE - JLG \u00c9quipements Collectivit\u00e9s\",\"isPartOf\":{\"@id\":\"https:\/\/jlgequipements.fr\/#website\"},\"primaryImageOfPage\":{\"@id\":\"https:\/\/jlgequipements.fr\/index.php\/produit\/armoire-pour-defibrillateur-exterieure\/#primaryimage\"},\"image\":{\"@id\":\"https:\/\/jlgequipements.fr\/index.php\/produit\/armoire-pour-defibrillateur-exterieure\/#primaryimage\"},\"thumbnailUrl\":\"https:\/\/jlgequipements.fr\/wp-content\/uploads\/2024\/03\/Untitled-63.jpg\",\"datePublished\":\"2024-03-15T08:20:40+00:00\",\"dateModified\":\"2024-03-18T08:07:47+00:00\",\"breadcrumb\":{\"@id\":\"https:\/\/jlgequipements.fr\/index.php\/produit\/armoire-pour-defibrillateur-exterieure\/#breadcrumb\"},\"inLanguage\":\"fr-FR\",\"potentialAction\":[{\"@type\":\"ReadAction\",\"target\":[\"https:\/\/jlgequipements.fr\/index.php\/produit\/armoire-pour-defibrillateur-exterieure\/\"]}]},{\"@type\":\"ImageObject\",\"inLanguage\":\"fr-FR\",\"@id\":\"https:\/\/jlgequipements.fr\/index.php\/produit\/armoire-pour-defibrillateur-exterieure\/#primaryimage\",\"url\":\"https:\/\/jlgequipements.fr\/wp-content\/uploads\/2024\/03\/Untitled-63.jpg\",\"contentUrl\":\"https:\/\/jlgequipements.fr\/wp-content\/uploads\/2024\/03\/Untitled-63.jpg\",\"width\":500,\"height\":500,\"caption\":\"Armoire a d\u00e9fibrillateur ext\u00e9rieure\"},{\"@type\":\"BreadcrumbList\",\"@id\":\"https:\/\/jlgequipements.fr\/index.php\/produit\/armoire-pour-defibrillateur-exterieure\/#breadcrumb\",\"itemListElement\":[{\"@type\":\"ListItem\",\"position\":1,\"name\":\"Accueil\",\"item\":\"https:\/\/jlgequipements.fr\/\"},{\"@type\":\"ListItem\",\"position\":2,\"name\":\"Boutique\",\"item\":\"https:\/\/jlgequipements.fr\/index.php\/boutique\/\"},{\"@type\":\"ListItem\",\"position\":3,\"name\":\"ARMOIRE POUR DEFIBRILLATEUR EXTERIEURE\"}]},{\"@type\":\"WebSite\",\"@id\":\"https:\/\/jlgequipements.fr\/#website\",\"url\":\"https:\/\/jlgequipements.fr\/\",\"name\":\"JLG \u00c9quipements collectivit\u00e9\",\"description\":\"Le partenaire des communes\",\"publisher\":{\"@id\":\"https:\/\/jlgequipements.fr\/#organization\"},\"potentialAction\":[{\"@type\":\"SearchAction\",\"target\":{\"@type\":\"EntryPoint\",\"urlTemplate\":\"https:\/\/jlgequipements.fr\/?s={search_term_string}\"},\"query-input\":{\"@type\":\"PropertyValueSpecification\",\"valueRequired\":true,\"valueName\":\"search_term_string\"}}],\"inLanguage\":\"fr-FR\"},{\"@type\":\"Organization\",\"@id\":\"https:\/\/jlgequipements.fr\/#organization\",\"name\":\"JLG \u00c9quipements collectivit\u00e9\",\"url\":\"https:\/\/jlgequipements.fr\/\",\"logo\":{\"@type\":\"ImageObject\",\"inLanguage\":\"fr-FR\",\"@id\":\"https:\/\/jlgequipements.fr\/#\/schema\/logo\/image\/\",\"url\":\"https:\/\/jlgequipements.fr\/wp-content\/uploads\/2024\/01\/JLG_LOGO_VECTO.png\",\"contentUrl\":\"https:\/\/jlgequipements.fr\/wp-content\/uploads\/2024\/01\/JLG_LOGO_VECTO.png\",\"width\":3293,\"height\":3292,\"caption\":\"JLG \u00c9quipements collectivit\u00e9\"},\"image\":{\"@id\":\"https:\/\/jlgequipements.fr\/#\/schema\/logo\/image\/\"}}]}<\/script>\n<!-- \/ Yoast SEO plugin. -->","yoast_head_json":{"title":"ARMOIRE POUR DEFIBRILLATEUR EXTERIEURE - JLG \u00c9quipements Collectivit\u00e9s","robots":{"index":"index","follow":"follow","max-snippet":"max-snippet:-1","max-image-preview":"max-image-preview:large","max-video-preview":"max-video-preview:-1"},"canonical":"https:\/\/jlgequipements.fr\/index.php\/produit\/armoire-pour-defibrillateur-exterieure\/","og_locale":"fr_FR","og_type":"article","og_title":"ARMOIRE POUR DEFIBRILLATEUR EXTERIEURE - JLG \u00c9quipements Collectivit\u00e9s","og_description":"Ouverture magn\u00e9tique de la porte. Armoire murale ext\u00e9rieure ouverture libre avec scell\u00e9s. \u00c9clairage par led avec d\u00e9tecteur de luminosit\u00e9. Support en ABS, Capot en polycarbonate (UL V0) Dimensions totales 388, P 201 mm. Poids : 3,5 kg. Poss\u00e8de de base : \u00e9clairage par LED avec capteur de luminosit\u00e9. Tendeur de fixation du d\u00e9fibrillateur. Fils de s\u00e9curit\u00e9 \u00e0 sertir sur clip de la porte du bo\u00eetier. Signal\u00e9tique reprenant la chaine de survie, le n\u00b0 d\u2019appel d\u2019urgence, Labels DEA\/AED. Alimentation en 24 volts. R\u00e9f : JLGC124589A","og_url":"https:\/\/jlgequipements.fr\/index.php\/produit\/armoire-pour-defibrillateur-exterieure\/","og_site_name":"JLG \u00c9quipements Collectivit\u00e9s","article_modified_time":"2024-03-18T08:07:47+00:00","og_image":[{"width":500,"height":500,"url":"https:\/\/jlgequipements.fr\/wp-content\/uploads\/2024\/03\/Untitled-63.jpg","type":"image\/jpeg"}],"twitter_card":"summary_large_image","schema":{"@context":"https:\/\/schema.org","@graph":[{"@type":"WebPage","@id":"https:\/\/jlgequipements.fr\/index.php\/produit\/armoire-pour-defibrillateur-exterieure\/","url":"https:\/\/jlgequipements.fr\/index.php\/produit\/armoire-pour-defibrillateur-exterieure\/","name":"ARMOIRE POUR DEFIBRILLATEUR EXTERIEURE - JLG \u00c9quipements Collectivit\u00e9s","isPartOf":{"@id":"https:\/\/jlgequipements.fr\/#website"},"primaryImageOfPage":{"@id":"https:\/\/jlgequipements.fr\/index.php\/produit\/armoire-pour-defibrillateur-exterieure\/#primaryimage"},"image":{"@id":"https:\/\/jlgequipements.fr\/index.php\/produit\/armoire-pour-defibrillateur-exterieure\/#primaryimage"},"thumbnailUrl":"https:\/\/jlgequipements.fr\/wp-content\/uploads\/2024\/03\/Untitled-63.jpg","datePublished":"2024-03-15T08:20:40+00:00","dateModified":"2024-03-18T08:07:47+00:00","breadcrumb":{"@id":"https:\/\/jlgequipements.fr\/index.php\/produit\/armoire-pour-defibrillateur-exterieure\/#breadcrumb"},"inLanguage":"fr-FR","potentialAction":[{"@type":"ReadAction","target":["https:\/\/jlgequipements.fr\/index.php\/produit\/armoire-pour-defibrillateur-exterieure\/"]}]},{"@type":"ImageObject","inLanguage":"fr-FR","@id":"https:\/\/jlgequipements.fr\/index.php\/produit\/armoire-pour-defibrillateur-exterieure\/#primaryimage","url":"https:\/\/jlgequipements.fr\/wp-content\/uploads\/2024\/03\/Untitled-63.jpg","contentUrl":"https:\/\/jlgequipements.fr\/wp-content\/uploads\/2024\/03\/Untitled-63.jpg","width":500,"height":500,"caption":"Armoire a d\u00e9fibrillateur ext\u00e9rieure"},{"@type":"BreadcrumbList","@id":"https:\/\/jlgequipements.fr\/index.php\/produit\/armoire-pour-defibrillateur-exterieure\/#breadcrumb","itemListElement":[{"@type":"ListItem","position":1,"name":"Accueil","item":"https:\/\/jlgequipements.fr\/"},{"@type":"ListItem","position":2,"name":"Boutique","item":"https:\/\/jlgequipements.fr\/index.php\/boutique\/"},{"@type":"ListItem","position":3,"name":"ARMOIRE POUR DEFIBRILLATEUR EXTERIEURE"}]},{"@type":"WebSite","@id":"https:\/\/jlgequipements.fr\/#website","url":"https:\/\/jlgequipements.fr\/","name":"JLG \u00c9quipements collectivit\u00e9","description":"Le partenaire des communes","publisher":{"@id":"https:\/\/jlgequipements.fr\/#organization"},"potentialAction":[{"@type":"SearchAction","target":{"@type":"EntryPoint","urlTemplate":"https:\/\/jlgequipements.fr\/?s={search_term_string}"},"query-input":{"@type":"PropertyValueSpecification","valueRequired":true,"valueName":"search_term_string"}}],"inLanguage":"fr-FR"},{"@type":"Organization","@id":"https:\/\/jlgequipements.fr\/#organization","name":"JLG \u00c9quipements collectivit\u00e9","url":"https:\/\/jlgequipements.fr\/","logo":{"@type":"ImageObject","inLanguage":"fr-FR","@id":"https:\/\/jlgequipements.fr\/#\/schema\/logo\/image\/","url":"https:\/\/jlgequipements.fr\/wp-content\/uploads\/2024\/01\/JLG_LOGO_VECTO.png","contentUrl":"https:\/\/jlgequipements.fr\/wp-content\/uploads\/2024\/01\/JLG_LOGO_VECTO.png","width":3293,"height":3292,"caption":"JLG \u00c9quipements collectivit\u00e9"},"image":{"@id":"https:\/\/jlgequipements.fr\/#\/schema\/logo\/image\/"}}]}},"_links":{"self":[{"href":"https:\/\/jlgequipements.fr\/index.php\/wp-json\/wp\/v2\/product\/10676","targetHints":{"allow":["GET"]}}],"collection":[{"href":"https:\/\/jlgequipements.fr\/index.php\/wp-json\/wp\/v2\/product"}],"about":[{"href":"https:\/\/jlgequipements.fr\/index.php\/wp-json\/wp\/v2\/types\/product"}],"replies":[{"embeddable":true,"href":"https:\/\/jlgequipements.fr\/index.php\/wp-json\/wp\/v2\/comments?post=10676"}],"version-history":[{"count":3,"href":"https:\/\/jlgequipements.fr\/index.php\/wp-json\/wp\/v2\/product\/10676\/revisions"}],"predecessor-version":[{"id":10866,"href":"https:\/\/jlgequipements.fr\/index.php\/wp-json\/wp\/v2\/product\/10676\/revisions\/10866"}],"wp:featuredmedia":[{"embeddable":true,"href":"https:\/\/jlgequipements.fr\/index.php\/wp-json\/wp\/v2\/media\/10677"}],"wp:attachment":[{"href":"https:\/\/jlgequipements.fr\/index.php\/wp-json\/wp\/v2\/media?parent=10676"}],"wp:term":[{"taxonomy":"product_brand","embeddable":true,"href":"https:\/\/jlgequipements.fr\/index.php\/wp-json\/wp\/v2\/product_brand?post=10676"},{"taxonomy":"product_cat","embeddable":true,"href":"https:\/\/jlgequipements.fr\/index.php\/wp-json\/wp\/v2\/product_cat?post=10676"},{"taxonomy":"product_tag","embeddable":true,"href":"https:\/\/jlgequipements.fr\/index.php\/wp-json\/wp\/v2\/product_tag?post=10676"}],"curies":[{"name":"wp","href":"https:\/\/api.w.org\/{rel}","templated":true}]}}