{"id":10668,"date":"2024-03-15T09:06:48","date_gmt":"2024-03-15T08:06:48","guid":{"rendered":"https:\/\/www.jlg.nicolas-briche.fr\/?post_type=product&#038;p=10668"},"modified":"2024-04-04T14:21:45","modified_gmt":"2024-04-04T12:21:45","slug":"pack-defibrillateur-automatique-jlg-pa-1","status":"publish","type":"product","link":"https:\/\/jlgequipements.fr\/index.php\/produit\/pack-defibrillateur-automatique-jlg-pa-1\/","title":{"rendered":"PACK DEFIBRILLATEUR AUTOMATIQUE JLG PA-1"},"content":{"rendered":"<p><strong>Caract\u00e9ristiques :<\/strong><\/p>\n<p><strong>Fabrication 100% Fran\u00e7aise<\/strong><\/p>\n<ul>\n<li>T\u00e9moins lumineux et pictogramme instructions vocales pour guider l&rsquo;utilisateur.<\/li>\n<li>Autotests hebdomadaire et mensuel avec choc.<\/li>\n<li>Garantie de 10 ans.<\/li>\n<\/ul>\n<p><strong>Accessoires dans le d\u00e9fibrillateur :<\/strong><\/p>\n<ul>\n<li>1 paire de ciseaux de secours (Type Gesco)<\/li>\n<li>1 rasoir jetable<\/li>\n<li>2 paires de gants vinyles<\/li>\n<li>1 masque de ventilation<\/li>\n<li>2 compresses st\u00e9riles<\/li>\n<li>1 serviette pour essuyer la victime.<\/li>\n<li>Armoire int\u00e9rieure incluse<\/li>\n<\/ul>\n<p><strong>Le pack signal\u00e9tique :<\/strong><br \/>\nLa signal\u00e9tique fournie dans les packs est conforme aux dispositions de l\u2019arr\u00eat\u00e9 du 29 octobre 2019 et \u00e0 la l\u00e9gislation en vigueur fixant les modalit\u00e9s de signalisation des d\u00e9fibrillateurs cardiaques automatis\u00e9s externes dans les lieux publics. Kit plus r\u00e9sistant et r\u00e9fl\u00e9chissant pour l\u2019ext\u00e9rieur.<\/p>\n","protected":false},"excerpt":{"rendered":"<p>Caract\u00e9ristiques : Fabrication 100% Fran\u00e7aise T\u00e9moins lumineux et pictogramme instructions vocales pour guider l&rsquo;utilisateur. Autotests hebdomadaire et mensuel avec choc. Garantie de 10 ans. Accessoires dans le d\u00e9fibrillateur : 1 paire de ciseaux de secours (Type Gesco) 1 rasoir jetable 2 paires de gants vinyles 1 masque de ventilation 2 compresses st\u00e9riles 1 serviette pour essuyer la victime. Armoire int\u00e9rieure incluse Le pack signal\u00e9tique : La signal\u00e9tique fournie dans les packs est conforme aux dispositions de l\u2019arr\u00eat\u00e9 du 29 octobre 2019 et \u00e0 la l\u00e9gislation en vigueur fixant les modalit\u00e9s de signalisation des d\u00e9fibrillateurs cardiaques automatis\u00e9s externes dans les lieux publics. Kit plus r\u00e9sistant et r\u00e9fl\u00e9chissant pour l\u2019ext\u00e9rieur.<\/p>\n","protected":false},"featured_media":10669,"comment_status":"open","ping_status":"closed","template":"","meta":[],"product_brand":[],"product_cat":[286,234],"product_tag":[],"class_list":{"0":"post-10668","1":"product","2":"type-product","3":"status-publish","4":"has-post-thumbnail","6":"product_cat-defibrillateur","7":"product_cat-mobilier-salle-polyvalente","9":"first","10":"instock","11":"shipping-taxable","12":"product-type-simple"},"yoast_head":"<!-- This site is optimized with the Yoast SEO plugin v27.1.1 - https:\/\/yoast.com\/product\/yoast-seo-wordpress\/ -->\n<title>PACK DEFIBRILLATEUR AUTOMATIQUE JLG PA-1 - JLG \u00c9quipements Collectivit\u00e9s<\/title>\n<meta name=\"robots\" content=\"index, follow, max-snippet:-1, max-image-preview:large, max-video-preview:-1\" \/>\n<link rel=\"canonical\" href=\"https:\/\/jlgequipements.fr\/index.php\/produit\/pack-defibrillateur-automatique-jlg-pa-1\/\" \/>\n<meta property=\"og:locale\" content=\"fr_FR\" \/>\n<meta property=\"og:type\" content=\"article\" \/>\n<meta property=\"og:title\" content=\"PACK DEFIBRILLATEUR AUTOMATIQUE JLG PA-1 - JLG \u00c9quipements Collectivit\u00e9s\" \/>\n<meta property=\"og:description\" content=\"Caract\u00e9ristiques : Fabrication 100% Fran\u00e7aise T\u00e9moins lumineux et pictogramme instructions vocales pour guider l&rsquo;utilisateur. Autotests hebdomadaire et mensuel avec choc. Garantie de 10 ans. Accessoires dans le d\u00e9fibrillateur : 1 paire de ciseaux de secours (Type Gesco) 1 rasoir jetable 2 paires de gants vinyles 1 masque de ventilation 2 compresses st\u00e9riles 1 serviette pour essuyer la victime. Armoire int\u00e9rieure incluse Le pack signal\u00e9tique : La signal\u00e9tique fournie dans les packs est conforme aux dispositions de l\u2019arr\u00eat\u00e9 du 29 octobre 2019 et \u00e0 la l\u00e9gislation en vigueur fixant les modalit\u00e9s de signalisation des d\u00e9fibrillateurs cardiaques automatis\u00e9s externes dans les lieux publics. Kit plus r\u00e9sistant et r\u00e9fl\u00e9chissant pour l\u2019ext\u00e9rieur.\" \/>\n<meta property=\"og:url\" content=\"https:\/\/jlgequipements.fr\/index.php\/produit\/pack-defibrillateur-automatique-jlg-pa-1\/\" \/>\n<meta property=\"og:site_name\" content=\"JLG \u00c9quipements Collectivit\u00e9s\" \/>\n<meta property=\"article:modified_time\" content=\"2024-04-04T12:21:45+00:00\" \/>\n<meta property=\"og:image\" content=\"https:\/\/jlgequipements.fr\/wp-content\/uploads\/2024\/03\/Untitled-59.jpg\" \/>\n\t<meta property=\"og:image:width\" content=\"500\" \/>\n\t<meta property=\"og:image:height\" content=\"500\" \/>\n\t<meta property=\"og:image:type\" content=\"image\/jpeg\" \/>\n<meta name=\"twitter:card\" content=\"summary_large_image\" \/>\n<meta name=\"twitter:label1\" content=\"Dur\u00e9e de lecture estim\u00e9e\" \/>\n\t<meta name=\"twitter:data1\" content=\"1 minute\" \/>\n<script type=\"application\/ld+json\" class=\"yoast-schema-graph\">{\"@context\":\"https:\/\/schema.org\",\"@graph\":[{\"@type\":\"WebPage\",\"@id\":\"https:\/\/jlgequipements.fr\/index.php\/produit\/pack-defibrillateur-automatique-jlg-pa-1\/\",\"url\":\"https:\/\/jlgequipements.fr\/index.php\/produit\/pack-defibrillateur-automatique-jlg-pa-1\/\",\"name\":\"PACK DEFIBRILLATEUR AUTOMATIQUE JLG PA-1 - JLG \u00c9quipements Collectivit\u00e9s\",\"isPartOf\":{\"@id\":\"https:\/\/jlgequipements.fr\/#website\"},\"primaryImageOfPage\":{\"@id\":\"https:\/\/jlgequipements.fr\/index.php\/produit\/pack-defibrillateur-automatique-jlg-pa-1\/#primaryimage\"},\"image\":{\"@id\":\"https:\/\/jlgequipements.fr\/index.php\/produit\/pack-defibrillateur-automatique-jlg-pa-1\/#primaryimage\"},\"thumbnailUrl\":\"https:\/\/jlgequipements.fr\/wp-content\/uploads\/2024\/03\/Untitled-59.jpg\",\"datePublished\":\"2024-03-15T08:06:48+00:00\",\"dateModified\":\"2024-04-04T12:21:45+00:00\",\"breadcrumb\":{\"@id\":\"https:\/\/jlgequipements.fr\/index.php\/produit\/pack-defibrillateur-automatique-jlg-pa-1\/#breadcrumb\"},\"inLanguage\":\"fr-FR\",\"potentialAction\":[{\"@type\":\"ReadAction\",\"target\":[\"https:\/\/jlgequipements.fr\/index.php\/produit\/pack-defibrillateur-automatique-jlg-pa-1\/\"]}]},{\"@type\":\"ImageObject\",\"inLanguage\":\"fr-FR\",\"@id\":\"https:\/\/jlgequipements.fr\/index.php\/produit\/pack-defibrillateur-automatique-jlg-pa-1\/#primaryimage\",\"url\":\"https:\/\/jlgequipements.fr\/wp-content\/uploads\/2024\/03\/Untitled-59.jpg\",\"contentUrl\":\"https:\/\/jlgequipements.fr\/wp-content\/uploads\/2024\/03\/Untitled-59.jpg\",\"width\":500,\"height\":500,\"caption\":\"D\u00e9fibrillateur\"},{\"@type\":\"BreadcrumbList\",\"@id\":\"https:\/\/jlgequipements.fr\/index.php\/produit\/pack-defibrillateur-automatique-jlg-pa-1\/#breadcrumb\",\"itemListElement\":[{\"@type\":\"ListItem\",\"position\":1,\"name\":\"Accueil\",\"item\":\"https:\/\/jlgequipements.fr\/\"},{\"@type\":\"ListItem\",\"position\":2,\"name\":\"Boutique\",\"item\":\"https:\/\/jlgequipements.fr\/index.php\/boutique\/\"},{\"@type\":\"ListItem\",\"position\":3,\"name\":\"PACK DEFIBRILLATEUR AUTOMATIQUE JLG PA-1\"}]},{\"@type\":\"WebSite\",\"@id\":\"https:\/\/jlgequipements.fr\/#website\",\"url\":\"https:\/\/jlgequipements.fr\/\",\"name\":\"JLG \u00c9quipements collectivit\u00e9\",\"description\":\"Le partenaire des communes\",\"publisher\":{\"@id\":\"https:\/\/jlgequipements.fr\/#organization\"},\"potentialAction\":[{\"@type\":\"SearchAction\",\"target\":{\"@type\":\"EntryPoint\",\"urlTemplate\":\"https:\/\/jlgequipements.fr\/?s={search_term_string}\"},\"query-input\":{\"@type\":\"PropertyValueSpecification\",\"valueRequired\":true,\"valueName\":\"search_term_string\"}}],\"inLanguage\":\"fr-FR\"},{\"@type\":\"Organization\",\"@id\":\"https:\/\/jlgequipements.fr\/#organization\",\"name\":\"JLG \u00c9quipements collectivit\u00e9\",\"url\":\"https:\/\/jlgequipements.fr\/\",\"logo\":{\"@type\":\"ImageObject\",\"inLanguage\":\"fr-FR\",\"@id\":\"https:\/\/jlgequipements.fr\/#\/schema\/logo\/image\/\",\"url\":\"https:\/\/jlgequipements.fr\/wp-content\/uploads\/2024\/01\/JLG_LOGO_VECTO.png\",\"contentUrl\":\"https:\/\/jlgequipements.fr\/wp-content\/uploads\/2024\/01\/JLG_LOGO_VECTO.png\",\"width\":3293,\"height\":3292,\"caption\":\"JLG \u00c9quipements collectivit\u00e9\"},\"image\":{\"@id\":\"https:\/\/jlgequipements.fr\/#\/schema\/logo\/image\/\"}}]}<\/script>\n<!-- \/ Yoast SEO plugin. -->","yoast_head_json":{"title":"PACK DEFIBRILLATEUR AUTOMATIQUE JLG PA-1 - JLG \u00c9quipements Collectivit\u00e9s","robots":{"index":"index","follow":"follow","max-snippet":"max-snippet:-1","max-image-preview":"max-image-preview:large","max-video-preview":"max-video-preview:-1"},"canonical":"https:\/\/jlgequipements.fr\/index.php\/produit\/pack-defibrillateur-automatique-jlg-pa-1\/","og_locale":"fr_FR","og_type":"article","og_title":"PACK DEFIBRILLATEUR AUTOMATIQUE JLG PA-1 - JLG \u00c9quipements Collectivit\u00e9s","og_description":"Caract\u00e9ristiques : Fabrication 100% Fran\u00e7aise T\u00e9moins lumineux et pictogramme instructions vocales pour guider l&rsquo;utilisateur. Autotests hebdomadaire et mensuel avec choc. Garantie de 10 ans. Accessoires dans le d\u00e9fibrillateur : 1 paire de ciseaux de secours (Type Gesco) 1 rasoir jetable 2 paires de gants vinyles 1 masque de ventilation 2 compresses st\u00e9riles 1 serviette pour essuyer la victime. Armoire int\u00e9rieure incluse Le pack signal\u00e9tique : La signal\u00e9tique fournie dans les packs est conforme aux dispositions de l\u2019arr\u00eat\u00e9 du 29 octobre 2019 et \u00e0 la l\u00e9gislation en vigueur fixant les modalit\u00e9s de signalisation des d\u00e9fibrillateurs cardiaques automatis\u00e9s externes dans les lieux publics. Kit plus r\u00e9sistant et r\u00e9fl\u00e9chissant pour l\u2019ext\u00e9rieur.","og_url":"https:\/\/jlgequipements.fr\/index.php\/produit\/pack-defibrillateur-automatique-jlg-pa-1\/","og_site_name":"JLG \u00c9quipements Collectivit\u00e9s","article_modified_time":"2024-04-04T12:21:45+00:00","og_image":[{"width":500,"height":500,"url":"https:\/\/jlgequipements.fr\/wp-content\/uploads\/2024\/03\/Untitled-59.jpg","type":"image\/jpeg"}],"twitter_card":"summary_large_image","twitter_misc":{"Dur\u00e9e de lecture estim\u00e9e":"1 minute"},"schema":{"@context":"https:\/\/schema.org","@graph":[{"@type":"WebPage","@id":"https:\/\/jlgequipements.fr\/index.php\/produit\/pack-defibrillateur-automatique-jlg-pa-1\/","url":"https:\/\/jlgequipements.fr\/index.php\/produit\/pack-defibrillateur-automatique-jlg-pa-1\/","name":"PACK DEFIBRILLATEUR AUTOMATIQUE JLG PA-1 - JLG \u00c9quipements Collectivit\u00e9s","isPartOf":{"@id":"https:\/\/jlgequipements.fr\/#website"},"primaryImageOfPage":{"@id":"https:\/\/jlgequipements.fr\/index.php\/produit\/pack-defibrillateur-automatique-jlg-pa-1\/#primaryimage"},"image":{"@id":"https:\/\/jlgequipements.fr\/index.php\/produit\/pack-defibrillateur-automatique-jlg-pa-1\/#primaryimage"},"thumbnailUrl":"https:\/\/jlgequipements.fr\/wp-content\/uploads\/2024\/03\/Untitled-59.jpg","datePublished":"2024-03-15T08:06:48+00:00","dateModified":"2024-04-04T12:21:45+00:00","breadcrumb":{"@id":"https:\/\/jlgequipements.fr\/index.php\/produit\/pack-defibrillateur-automatique-jlg-pa-1\/#breadcrumb"},"inLanguage":"fr-FR","potentialAction":[{"@type":"ReadAction","target":["https:\/\/jlgequipements.fr\/index.php\/produit\/pack-defibrillateur-automatique-jlg-pa-1\/"]}]},{"@type":"ImageObject","inLanguage":"fr-FR","@id":"https:\/\/jlgequipements.fr\/index.php\/produit\/pack-defibrillateur-automatique-jlg-pa-1\/#primaryimage","url":"https:\/\/jlgequipements.fr\/wp-content\/uploads\/2024\/03\/Untitled-59.jpg","contentUrl":"https:\/\/jlgequipements.fr\/wp-content\/uploads\/2024\/03\/Untitled-59.jpg","width":500,"height":500,"caption":"D\u00e9fibrillateur"},{"@type":"BreadcrumbList","@id":"https:\/\/jlgequipements.fr\/index.php\/produit\/pack-defibrillateur-automatique-jlg-pa-1\/#breadcrumb","itemListElement":[{"@type":"ListItem","position":1,"name":"Accueil","item":"https:\/\/jlgequipements.fr\/"},{"@type":"ListItem","position":2,"name":"Boutique","item":"https:\/\/jlgequipements.fr\/index.php\/boutique\/"},{"@type":"ListItem","position":3,"name":"PACK DEFIBRILLATEUR AUTOMATIQUE JLG PA-1"}]},{"@type":"WebSite","@id":"https:\/\/jlgequipements.fr\/#website","url":"https:\/\/jlgequipements.fr\/","name":"JLG \u00c9quipements collectivit\u00e9","description":"Le partenaire des communes","publisher":{"@id":"https:\/\/jlgequipements.fr\/#organization"},"potentialAction":[{"@type":"SearchAction","target":{"@type":"EntryPoint","urlTemplate":"https:\/\/jlgequipements.fr\/?s={search_term_string}"},"query-input":{"@type":"PropertyValueSpecification","valueRequired":true,"valueName":"search_term_string"}}],"inLanguage":"fr-FR"},{"@type":"Organization","@id":"https:\/\/jlgequipements.fr\/#organization","name":"JLG \u00c9quipements collectivit\u00e9","url":"https:\/\/jlgequipements.fr\/","logo":{"@type":"ImageObject","inLanguage":"fr-FR","@id":"https:\/\/jlgequipements.fr\/#\/schema\/logo\/image\/","url":"https:\/\/jlgequipements.fr\/wp-content\/uploads\/2024\/01\/JLG_LOGO_VECTO.png","contentUrl":"https:\/\/jlgequipements.fr\/wp-content\/uploads\/2024\/01\/JLG_LOGO_VECTO.png","width":3293,"height":3292,"caption":"JLG \u00c9quipements collectivit\u00e9"},"image":{"@id":"https:\/\/jlgequipements.fr\/#\/schema\/logo\/image\/"}}]}},"_links":{"self":[{"href":"https:\/\/jlgequipements.fr\/index.php\/wp-json\/wp\/v2\/product\/10668","targetHints":{"allow":["GET"]}}],"collection":[{"href":"https:\/\/jlgequipements.fr\/index.php\/wp-json\/wp\/v2\/product"}],"about":[{"href":"https:\/\/jlgequipements.fr\/index.php\/wp-json\/wp\/v2\/types\/product"}],"replies":[{"embeddable":true,"href":"https:\/\/jlgequipements.fr\/index.php\/wp-json\/wp\/v2\/comments?post=10668"}],"version-history":[{"count":4,"href":"https:\/\/jlgequipements.fr\/index.php\/wp-json\/wp\/v2\/product\/10668\/revisions"}],"predecessor-version":[{"id":12266,"href":"https:\/\/jlgequipements.fr\/index.php\/wp-json\/wp\/v2\/product\/10668\/revisions\/12266"}],"wp:featuredmedia":[{"embeddable":true,"href":"https:\/\/jlgequipements.fr\/index.php\/wp-json\/wp\/v2\/media\/10669"}],"wp:attachment":[{"href":"https:\/\/jlgequipements.fr\/index.php\/wp-json\/wp\/v2\/media?parent=10668"}],"wp:term":[{"taxonomy":"product_brand","embeddable":true,"href":"https:\/\/jlgequipements.fr\/index.php\/wp-json\/wp\/v2\/product_brand?post=10668"},{"taxonomy":"product_cat","embeddable":true,"href":"https:\/\/jlgequipements.fr\/index.php\/wp-json\/wp\/v2\/product_cat?post=10668"},{"taxonomy":"product_tag","embeddable":true,"href":"https:\/\/jlgequipements.fr\/index.php\/wp-json\/wp\/v2\/product_tag?post=10668"}],"curies":[{"name":"wp","href":"https:\/\/api.w.org\/{rel}","templated":true}]}}