{"id":10663,"date":"2024-03-14T16:42:56","date_gmt":"2024-03-14T15:42:56","guid":{"rendered":"https:\/\/www.jlg.nicolas-briche.fr\/?post_type=product&#038;p=10663"},"modified":"2026-01-28T15:58:21","modified_gmt":"2026-01-28T14:58:21","slug":"echarpe-avec-frange-cmj","status":"publish","type":"product","link":"https:\/\/jlgequipements.fr\/index.php\/produit\/echarpe-avec-frange-cmj\/","title":{"rendered":"\u00c9CHARPE AVEC FRANGE CMJ"},"content":{"rendered":"<ul>\n<li>Dimensions : 75 mm x 1,60 m<\/li>\n<li>Mati\u00e8re : Maille 100% polyester 220 gr\/m2<\/li>\n<li>Bandes tricolores<\/li>\n<li>Finition : avec gland et frange<\/li>\n<li>Frange or ou argent<\/li>\n<li>Disponible : sans texte ou personnalis\u00e9 avec texte \u00a0\u00bb Conseil Municipale des Jeunes \u00ab\u00a0<\/li>\n<\/ul>\n","protected":false},"excerpt":{"rendered":"<p>Dimensions : 75 mm x 1,60 m Mati\u00e8re : Maille 100% polyester 220 gr\/m2 Bandes tricolores Finition : avec gland et frange Frange or ou argent Disponible : sans texte ou personnalis\u00e9 avec texte \u00a0\u00bb Conseil Municipale des Jeunes \u00ab\u00a0<\/p>\n","protected":false},"featured_media":10664,"comment_status":"closed","ping_status":"closed","template":"","meta":[],"product_brand":[],"product_cat":[211,222],"product_tag":[],"class_list":{"0":"post-10663","1":"product","2":"type-product","3":"status-publish","4":"has-post-thumbnail","6":"product_cat-pavoisement","7":"product_cat-cmj-conseil-municipal-des-jeunes","9":"first","10":"instock","11":"shipping-taxable","12":"product-type-simple"},"yoast_head":"<!-- This site is optimized with the Yoast SEO plugin v27.1.1 - https:\/\/yoast.com\/product\/yoast-seo-wordpress\/ -->\n<title>\u00c9CHARPE AVEC FRANGE CMJ - JLG \u00c9quipements Collectivit\u00e9s<\/title>\n<meta name=\"robots\" content=\"index, follow, max-snippet:-1, max-image-preview:large, max-video-preview:-1\" \/>\n<link rel=\"canonical\" href=\"https:\/\/jlgequipements.fr\/index.php\/produit\/echarpe-avec-frange-cmj\/\" \/>\n<meta property=\"og:locale\" content=\"fr_FR\" \/>\n<meta property=\"og:type\" content=\"article\" \/>\n<meta property=\"og:title\" content=\"\u00c9CHARPE AVEC FRANGE CMJ - JLG \u00c9quipements Collectivit\u00e9s\" \/>\n<meta property=\"og:description\" content=\"Dimensions : 75 mm x 1,60 m Mati\u00e8re : Maille 100% polyester 220 gr\/m2 Bandes tricolores Finition : avec gland et frange Frange or ou argent Disponible : sans texte ou personnalis\u00e9 avec texte \u00a0\u00bb Conseil Municipale des Jeunes \u00ab\u00a0\" \/>\n<meta property=\"og:url\" content=\"https:\/\/jlgequipements.fr\/index.php\/produit\/echarpe-avec-frange-cmj\/\" \/>\n<meta property=\"og:site_name\" content=\"JLG \u00c9quipements Collectivit\u00e9s\" \/>\n<meta property=\"article:modified_time\" content=\"2026-01-28T14:58:21+00:00\" \/>\n<meta property=\"og:image\" content=\"https:\/\/jlgequipements.fr\/wp-content\/uploads\/2024\/03\/ECHARPE_CMJ_FRANGE.jpg\" \/>\n\t<meta property=\"og:image:width\" content=\"1604\" \/>\n\t<meta property=\"og:image:height\" content=\"2084\" \/>\n\t<meta property=\"og:image:type\" content=\"image\/jpeg\" \/>\n<meta name=\"twitter:card\" content=\"summary_large_image\" \/>\n<script type=\"application\/ld+json\" class=\"yoast-schema-graph\">{\"@context\":\"https:\/\/schema.org\",\"@graph\":[{\"@type\":\"WebPage\",\"@id\":\"https:\/\/jlgequipements.fr\/index.php\/produit\/echarpe-avec-frange-cmj\/\",\"url\":\"https:\/\/jlgequipements.fr\/index.php\/produit\/echarpe-avec-frange-cmj\/\",\"name\":\"\u00c9CHARPE AVEC FRANGE CMJ - JLG \u00c9quipements Collectivit\u00e9s\",\"isPartOf\":{\"@id\":\"https:\/\/jlgequipements.fr\/#website\"},\"primaryImageOfPage\":{\"@id\":\"https:\/\/jlgequipements.fr\/index.php\/produit\/echarpe-avec-frange-cmj\/#primaryimage\"},\"image\":{\"@id\":\"https:\/\/jlgequipements.fr\/index.php\/produit\/echarpe-avec-frange-cmj\/#primaryimage\"},\"thumbnailUrl\":\"https:\/\/jlgequipements.fr\/wp-content\/uploads\/2024\/03\/ECHARPE_CMJ_FRANGE.jpg\",\"datePublished\":\"2024-03-14T15:42:56+00:00\",\"dateModified\":\"2026-01-28T14:58:21+00:00\",\"breadcrumb\":{\"@id\":\"https:\/\/jlgequipements.fr\/index.php\/produit\/echarpe-avec-frange-cmj\/#breadcrumb\"},\"inLanguage\":\"fr-FR\",\"potentialAction\":[{\"@type\":\"ReadAction\",\"target\":[\"https:\/\/jlgequipements.fr\/index.php\/produit\/echarpe-avec-frange-cmj\/\"]}]},{\"@type\":\"ImageObject\",\"inLanguage\":\"fr-FR\",\"@id\":\"https:\/\/jlgequipements.fr\/index.php\/produit\/echarpe-avec-frange-cmj\/#primaryimage\",\"url\":\"https:\/\/jlgequipements.fr\/wp-content\/uploads\/2024\/03\/ECHARPE_CMJ_FRANGE.jpg\",\"contentUrl\":\"https:\/\/jlgequipements.fr\/wp-content\/uploads\/2024\/03\/ECHARPE_CMJ_FRANGE.jpg\",\"width\":1604,\"height\":2084},{\"@type\":\"BreadcrumbList\",\"@id\":\"https:\/\/jlgequipements.fr\/index.php\/produit\/echarpe-avec-frange-cmj\/#breadcrumb\",\"itemListElement\":[{\"@type\":\"ListItem\",\"position\":1,\"name\":\"Accueil\",\"item\":\"https:\/\/jlgequipements.fr\/\"},{\"@type\":\"ListItem\",\"position\":2,\"name\":\"Boutique\",\"item\":\"https:\/\/jlgequipements.fr\/index.php\/boutique\/\"},{\"@type\":\"ListItem\",\"position\":3,\"name\":\"\u00c9CHARPE AVEC FRANGE CMJ\"}]},{\"@type\":\"WebSite\",\"@id\":\"https:\/\/jlgequipements.fr\/#website\",\"url\":\"https:\/\/jlgequipements.fr\/\",\"name\":\"JLG \u00c9quipements collectivit\u00e9\",\"description\":\"Le partenaire des communes\",\"publisher\":{\"@id\":\"https:\/\/jlgequipements.fr\/#organization\"},\"potentialAction\":[{\"@type\":\"SearchAction\",\"target\":{\"@type\":\"EntryPoint\",\"urlTemplate\":\"https:\/\/jlgequipements.fr\/?s={search_term_string}\"},\"query-input\":{\"@type\":\"PropertyValueSpecification\",\"valueRequired\":true,\"valueName\":\"search_term_string\"}}],\"inLanguage\":\"fr-FR\"},{\"@type\":\"Organization\",\"@id\":\"https:\/\/jlgequipements.fr\/#organization\",\"name\":\"JLG \u00c9quipements collectivit\u00e9\",\"url\":\"https:\/\/jlgequipements.fr\/\",\"logo\":{\"@type\":\"ImageObject\",\"inLanguage\":\"fr-FR\",\"@id\":\"https:\/\/jlgequipements.fr\/#\/schema\/logo\/image\/\",\"url\":\"https:\/\/jlgequipements.fr\/wp-content\/uploads\/2024\/01\/JLG_LOGO_VECTO.png\",\"contentUrl\":\"https:\/\/jlgequipements.fr\/wp-content\/uploads\/2024\/01\/JLG_LOGO_VECTO.png\",\"width\":3293,\"height\":3292,\"caption\":\"JLG \u00c9quipements collectivit\u00e9\"},\"image\":{\"@id\":\"https:\/\/jlgequipements.fr\/#\/schema\/logo\/image\/\"}}]}<\/script>\n<!-- \/ Yoast SEO plugin. -->","yoast_head_json":{"title":"\u00c9CHARPE AVEC FRANGE CMJ - JLG \u00c9quipements Collectivit\u00e9s","robots":{"index":"index","follow":"follow","max-snippet":"max-snippet:-1","max-image-preview":"max-image-preview:large","max-video-preview":"max-video-preview:-1"},"canonical":"https:\/\/jlgequipements.fr\/index.php\/produit\/echarpe-avec-frange-cmj\/","og_locale":"fr_FR","og_type":"article","og_title":"\u00c9CHARPE AVEC FRANGE CMJ - JLG \u00c9quipements Collectivit\u00e9s","og_description":"Dimensions : 75 mm x 1,60 m Mati\u00e8re : Maille 100% polyester 220 gr\/m2 Bandes tricolores Finition : avec gland et frange Frange or ou argent Disponible : sans texte ou personnalis\u00e9 avec texte \u00a0\u00bb Conseil Municipale des Jeunes \u00ab\u00a0","og_url":"https:\/\/jlgequipements.fr\/index.php\/produit\/echarpe-avec-frange-cmj\/","og_site_name":"JLG \u00c9quipements Collectivit\u00e9s","article_modified_time":"2026-01-28T14:58:21+00:00","og_image":[{"width":1604,"height":2084,"url":"https:\/\/jlgequipements.fr\/wp-content\/uploads\/2024\/03\/ECHARPE_CMJ_FRANGE.jpg","type":"image\/jpeg"}],"twitter_card":"summary_large_image","schema":{"@context":"https:\/\/schema.org","@graph":[{"@type":"WebPage","@id":"https:\/\/jlgequipements.fr\/index.php\/produit\/echarpe-avec-frange-cmj\/","url":"https:\/\/jlgequipements.fr\/index.php\/produit\/echarpe-avec-frange-cmj\/","name":"\u00c9CHARPE AVEC FRANGE CMJ - JLG \u00c9quipements Collectivit\u00e9s","isPartOf":{"@id":"https:\/\/jlgequipements.fr\/#website"},"primaryImageOfPage":{"@id":"https:\/\/jlgequipements.fr\/index.php\/produit\/echarpe-avec-frange-cmj\/#primaryimage"},"image":{"@id":"https:\/\/jlgequipements.fr\/index.php\/produit\/echarpe-avec-frange-cmj\/#primaryimage"},"thumbnailUrl":"https:\/\/jlgequipements.fr\/wp-content\/uploads\/2024\/03\/ECHARPE_CMJ_FRANGE.jpg","datePublished":"2024-03-14T15:42:56+00:00","dateModified":"2026-01-28T14:58:21+00:00","breadcrumb":{"@id":"https:\/\/jlgequipements.fr\/index.php\/produit\/echarpe-avec-frange-cmj\/#breadcrumb"},"inLanguage":"fr-FR","potentialAction":[{"@type":"ReadAction","target":["https:\/\/jlgequipements.fr\/index.php\/produit\/echarpe-avec-frange-cmj\/"]}]},{"@type":"ImageObject","inLanguage":"fr-FR","@id":"https:\/\/jlgequipements.fr\/index.php\/produit\/echarpe-avec-frange-cmj\/#primaryimage","url":"https:\/\/jlgequipements.fr\/wp-content\/uploads\/2024\/03\/ECHARPE_CMJ_FRANGE.jpg","contentUrl":"https:\/\/jlgequipements.fr\/wp-content\/uploads\/2024\/03\/ECHARPE_CMJ_FRANGE.jpg","width":1604,"height":2084},{"@type":"BreadcrumbList","@id":"https:\/\/jlgequipements.fr\/index.php\/produit\/echarpe-avec-frange-cmj\/#breadcrumb","itemListElement":[{"@type":"ListItem","position":1,"name":"Accueil","item":"https:\/\/jlgequipements.fr\/"},{"@type":"ListItem","position":2,"name":"Boutique","item":"https:\/\/jlgequipements.fr\/index.php\/boutique\/"},{"@type":"ListItem","position":3,"name":"\u00c9CHARPE AVEC FRANGE CMJ"}]},{"@type":"WebSite","@id":"https:\/\/jlgequipements.fr\/#website","url":"https:\/\/jlgequipements.fr\/","name":"JLG \u00c9quipements collectivit\u00e9","description":"Le partenaire des communes","publisher":{"@id":"https:\/\/jlgequipements.fr\/#organization"},"potentialAction":[{"@type":"SearchAction","target":{"@type":"EntryPoint","urlTemplate":"https:\/\/jlgequipements.fr\/?s={search_term_string}"},"query-input":{"@type":"PropertyValueSpecification","valueRequired":true,"valueName":"search_term_string"}}],"inLanguage":"fr-FR"},{"@type":"Organization","@id":"https:\/\/jlgequipements.fr\/#organization","name":"JLG \u00c9quipements collectivit\u00e9","url":"https:\/\/jlgequipements.fr\/","logo":{"@type":"ImageObject","inLanguage":"fr-FR","@id":"https:\/\/jlgequipements.fr\/#\/schema\/logo\/image\/","url":"https:\/\/jlgequipements.fr\/wp-content\/uploads\/2024\/01\/JLG_LOGO_VECTO.png","contentUrl":"https:\/\/jlgequipements.fr\/wp-content\/uploads\/2024\/01\/JLG_LOGO_VECTO.png","width":3293,"height":3292,"caption":"JLG \u00c9quipements collectivit\u00e9"},"image":{"@id":"https:\/\/jlgequipements.fr\/#\/schema\/logo\/image\/"}}]}},"_links":{"self":[{"href":"https:\/\/jlgequipements.fr\/index.php\/wp-json\/wp\/v2\/product\/10663","targetHints":{"allow":["GET"]}}],"collection":[{"href":"https:\/\/jlgequipements.fr\/index.php\/wp-json\/wp\/v2\/product"}],"about":[{"href":"https:\/\/jlgequipements.fr\/index.php\/wp-json\/wp\/v2\/types\/product"}],"replies":[{"embeddable":true,"href":"https:\/\/jlgequipements.fr\/index.php\/wp-json\/wp\/v2\/comments?post=10663"}],"version-history":[{"count":3,"href":"https:\/\/jlgequipements.fr\/index.php\/wp-json\/wp\/v2\/product\/10663\/revisions"}],"predecessor-version":[{"id":14463,"href":"https:\/\/jlgequipements.fr\/index.php\/wp-json\/wp\/v2\/product\/10663\/revisions\/14463"}],"wp:featuredmedia":[{"embeddable":true,"href":"https:\/\/jlgequipements.fr\/index.php\/wp-json\/wp\/v2\/media\/10664"}],"wp:attachment":[{"href":"https:\/\/jlgequipements.fr\/index.php\/wp-json\/wp\/v2\/media?parent=10663"}],"wp:term":[{"taxonomy":"product_brand","embeddable":true,"href":"https:\/\/jlgequipements.fr\/index.php\/wp-json\/wp\/v2\/product_brand?post=10663"},{"taxonomy":"product_cat","embeddable":true,"href":"https:\/\/jlgequipements.fr\/index.php\/wp-json\/wp\/v2\/product_cat?post=10663"},{"taxonomy":"product_tag","embeddable":true,"href":"https:\/\/jlgequipements.fr\/index.php\/wp-json\/wp\/v2\/product_tag?post=10663"}],"curies":[{"name":"wp","href":"https:\/\/api.w.org\/{rel}","templated":true}]}}